{"id":8785,"date":"2022-11-29T18:30:42","date_gmt":"2022-11-29T18:30:42","guid":{"rendered":"https:\/\/unigradnja.rs\/en\/?page_id=8785"},"modified":"2022-12-21T08:10:46","modified_gmt":"2022-12-21T08:10:46","slug":"tonn-residence","status":"publish","type":"page","link":"https:\/\/unigradnja.rs\/en\/projects\/tonn-residence\/","title":{"rendered":"Tonn Residence"},"content":{"rendered":"\t\t<div data-elementor-type=\"wp-post\" data-elementor-id=\"8785\" class=\"elementor elementor-8785\">\n\t\t\t\t\t\t\t<div data-section-luminosity=\"dark\" class=\"elementor-element elementor-element-17172df e-con-full project- e-flex e-con e-parent\" data-id=\"17172df\" data-element_type=\"container\" data-settings=\"{&quot;content_width&quot;:&quot;full&quot;,&quot;background_background&quot;:&quot;classic&quot;}\" data-core-v316-plus=\"true\">\n\t\t\t\t<div data-custom-animations=\"true\" data-ca-options=\"{&quot;addChildTimelines&quot;:false,&quot;animationTarget&quot;:&quot;:scope &gt; .elementor-widget-container&quot;,&quot;ease&quot;:&quot;power4.inOut&quot;,&quot;initValues&quot;:{&quot;opacity&quot;:0,&quot;x&quot;:150},&quot;animations&quot;:{&quot;opacity&quot;:1,&quot;x&quot;:0}}\" class=\"elementor-element elementor-element-318fdc8 elementor-widget elementor-widget-hub_fancy_heading\" data-id=\"318fdc8\" data-element_type=\"widget\" data-widget_type=\"hub_fancy_heading.default\">\n\t\t\t\t<div class=\"elementor-widget-container\">\n\t\t\t\n\t\t<div id=\"ld-fancy-heading-69d030244c70f\" class=\"ld-fancy-heading pos-rel\">\n\t\t\t<h1 class=\"ld-fh-element d-inline-block pos-rel  elementor-heading-title lqd-highlight-custom lqd-highlight-custom-4 h1\"  > Tonn Residence <\/h1>\t\t<\/div>\n\n\t\t\t\t<\/div>\n\t\t\t\t<\/div>\n\t\t\t\t<div class=\"elementor-element elementor-element-438f543 elementor-widget elementor-widget-html\" data-id=\"438f543\" data-element_type=\"widget\" data-widget_type=\"html.default\">\n\t\t\t\t<div class=\"elementor-widget-container\">\n\t\t\t<div class=\"cat-whole-wrapper single\">\r\n    <div class=\"cat-wrap\">\r\n        <div class=\"cat-name\">\r\n            Kategorija\r\n        <\/div>\r\n        <div class=\"cat-desc\">\r\n            Stambeni ojekat\r\n        <\/div>\r\n    <\/div>\r\n    <div class=\"cat-wrap\">\r\n        <div class=\"cat-name\">\r\n            Lokacija\r\n        <\/div>\r\n        <div class=\"cat-desc\">\r\n           Novi sad\r\n        <\/div>\r\n    <\/div>\r\n    <div class=\"cat-wrap\">\r\n        <div class=\"cat-name\">\r\n            Povr\u0161ina\r\n        <\/div>\r\n        <div class=\"cat-desc\">\r\n            353m2\r\n        <\/div>\r\n    <\/div>\r\n<\/div>\t\t<\/div>\n\t\t\t\t<\/div>\n\t\t\t\t<\/div>\n\t\t<div class=\"elementor-element elementor-element-30d66be e-flex e-con-boxed e-con e-parent\" data-id=\"30d66be\" data-element_type=\"container\" data-settings=\"{&quot;content_width&quot;:&quot;boxed&quot;}\" data-core-v316-plus=\"true\">\n\t\t\t\t\t<div class=\"e-con-inner\">\n\t\t<div class=\"elementor-element elementor-element-9d4b01f e-con-full e-flex e-con e-parent\" data-id=\"9d4b01f\" data-element_type=\"container\" data-settings=\"{&quot;content_width&quot;:&quot;full&quot;}\" data-core-v316-plus=\"true\">\n\t\t\t\t<div data-parallax=\"true\" data-parallax-options=\"{&quot;ease&quot;:[&quot;linear&quot;],&quot;start&quot;:&quot;top bottom&quot;,&quot;end&quot;:&quot;bottom+=0px top&quot;}\" data-parallax-from=\"{&quot;y&quot;:&quot;-54px&quot;}\" data-parallax-to=\"{&quot;y&quot;:&quot;48px&quot;}\" class=\"elementor-element elementor-element-dff1b72 elementor-absolute elementor-widget elementor-widget-hub_fancy_heading\" data-id=\"dff1b72\" data-element_type=\"widget\" data-settings=\"{&quot;_position&quot;:&quot;absolute&quot;}\" data-widget_type=\"hub_fancy_heading.default\">\n\t\t\t\t<div class=\"elementor-widget-container\">\n\t\t\t\n\t\t<div id=\"ld-fancy-heading-69d030244de3b\" class=\"ld-fancy-heading pos-rel\">\n\t\t\t<h2 class=\"ld-fh-element d-inline-block pos-rel  elementor-heading-title lqd-highlight-classic lqd-highlight-grow-left text-vertical h2\"  > Koncept<\/h2>\t\t<\/div>\n\n\t\t\t\t<\/div>\n\t\t\t\t<\/div>\n\t\t\t\t<\/div>\n\t\t<div data-parallax=\"true\" data-parallax-options=\"{&quot;ease&quot;:[&quot;linear&quot;],&quot;start&quot;:&quot;top bottom&quot;,&quot;end&quot;:&quot;bottom+=0px top&quot;}\" data-parallax-from=\"{&quot;y&quot;:&quot;150px&quot;}\" data-parallax-to=\"{&quot;y&quot;:&quot;0px&quot;}\" class=\"elementor-element elementor-element-a67ca81 e-con-full e-flex e-con e-parent\" data-id=\"a67ca81\" data-element_type=\"container\" data-settings=\"{&quot;content_width&quot;:&quot;full&quot;}\" data-core-v316-plus=\"true\">\n\t\t\t\t<div class=\"elementor-element elementor-element-2df2490 opis elementor-widget elementor-widget-text-editor\" data-id=\"2df2490\" data-element_type=\"widget\" data-widget_type=\"text-editor.default\">\n\t\t\t\t<div class=\"elementor-widget-container\">\n\t\t\t<style>\/*! elementor - v3.18.0 - 20-12-2023 *\/\n.elementor-widget-text-editor.elementor-drop-cap-view-stacked .elementor-drop-cap{background-color:#69727d;color:#fff}.elementor-widget-text-editor.elementor-drop-cap-view-framed .elementor-drop-cap{color:#69727d;border:3px solid;background-color:transparent}.elementor-widget-text-editor:not(.elementor-drop-cap-view-default) .elementor-drop-cap{margin-top:8px}.elementor-widget-text-editor:not(.elementor-drop-cap-view-default) .elementor-drop-cap-letter{width:1em;height:1em}.elementor-widget-text-editor .elementor-drop-cap{float:left;text-align:center;line-height:1;font-size:50px}.elementor-widget-text-editor .elementor-drop-cap-letter{display:inline-block}<\/style>\t\t\t\t<p>Ova mala stambena zgrada nalazi se u Novom Sadu u predgra\u0111u srednje gustine<\/p><p>Objekat je spratnosti P+1+Pk \u00a0i sa ukupno 6 stambenih jedinica. Sama konstrukcija je izvedena po sistemu monolitnog AB sa me\u0111uspratnom plo\u010dom od lakomonta\u017ene konstrukcije maksimalnih raspona 5,5m.<\/p><p>U zadnjem delu objekta nalazi se de\u010dije igrali\u0161te. Dok su na bo\u010dnoj strani postavljena parking mesta za stanare zgrade.<\/p>\t\t\t\t\t\t<\/div>\n\t\t\t\t<\/div>\n\t\t\t\t<\/div>\n\t\t\t\t\t<\/div>\n\t\t\t\t<\/div>\n\t\t<div data-parallax=\"true\" data-parallax-options=\"{&quot;ease&quot;:[&quot;linear&quot;],&quot;start&quot;:&quot;top bottom&quot;,&quot;end&quot;:&quot;bottom+=0px top&quot;}\" data-parallax-from=\"{&quot;y&quot;:&quot;75px&quot;}\" data-parallax-to=\"{&quot;y&quot;:&quot;-25px&quot;}\" class=\"elementor-element elementor-element-cee67d2 e-flex e-con-boxed e-con e-parent\" data-id=\"cee67d2\" data-element_type=\"container\" data-settings=\"{&quot;content_width&quot;:&quot;boxed&quot;}\" data-core-v316-plus=\"true\">\n\t\t\t\t\t<div class=\"e-con-inner\">\n\t\t\t\t<div class=\"elementor-element elementor-element-696b786 elementor-widget elementor-widget-image\" data-id=\"696b786\" data-element_type=\"widget\" data-widget_type=\"image.default\">\n\t\t\t\t<div class=\"elementor-widget-container\">\n\t\t\t<style>\/*! elementor - v3.18.0 - 20-12-2023 *\/\n.elementor-widget-image{text-align:center}.elementor-widget-image a{display:inline-block}.elementor-widget-image a img[src$=\".svg\"]{width:48px}.elementor-widget-image img{vertical-align:middle;display:inline-block}<\/style>\t\t\t\t\t\t\t\t\t\t\t\t<img fetchpriority=\"high\" decoding=\"async\" width=\"3840\" height=\"2160\" src=\"https:\/\/unigradnja.rs\/en\/wp-content\/uploads\/sites\/3\/2022\/12\/f1-3.jpg\" class=\"attachment-full size-full wp-image-9070\" alt=\"\" srcset=\"https:\/\/unigradnja.rs\/en\/wp-content\/uploads\/sites\/3\/2022\/12\/f1-3.jpg 3840w, https:\/\/unigradnja.rs\/en\/wp-content\/uploads\/sites\/3\/2022\/12\/f1-3-300x169.jpg 300w, https:\/\/unigradnja.rs\/en\/wp-content\/uploads\/sites\/3\/2022\/12\/f1-3-1024x576.jpg 1024w, https:\/\/unigradnja.rs\/en\/wp-content\/uploads\/sites\/3\/2022\/12\/f1-3-1536x864.jpg 1536w, https:\/\/unigradnja.rs\/en\/wp-content\/uploads\/sites\/3\/2022\/12\/f1-3-2048x1152.jpg 2048w\" sizes=\"(max-width: 3840px) 100vw, 3840px\" \/>\t\t\t\t\t\t\t\t\t\t\t\t\t\t\t<\/div>\n\t\t\t\t<\/div>\n\t\t\t\t\t<\/div>\n\t\t\t\t<\/div>\n\t\t<div data-parallax=\"true\" data-parallax-options=\"{&quot;ease&quot;:[&quot;linear&quot;],&quot;start&quot;:&quot;top bottom&quot;,&quot;end&quot;:&quot;bottom+=0px top&quot;}\" data-parallax-from=\"{&quot;y&quot;:&quot;75px&quot;}\" data-parallax-to=\"{&quot;y&quot;:&quot;-25px&quot;}\" class=\"elementor-element elementor-element-5944858 e-flex e-con-boxed e-con e-parent\" data-id=\"5944858\" data-element_type=\"container\" data-settings=\"{&quot;content_width&quot;:&quot;boxed&quot;}\" data-core-v316-plus=\"true\">\n\t\t\t\t\t<div class=\"e-con-inner\">\n\t\t\t\t<div class=\"elementor-element elementor-element-f3bf048 elementor-widget elementor-widget-image\" data-id=\"f3bf048\" data-element_type=\"widget\" data-widget_type=\"image.default\">\n\t\t\t\t<div class=\"elementor-widget-container\">\n\t\t\t\t\t\t\t\t\t\t\t\t\t\t\t<img decoding=\"async\" width=\"3840\" height=\"2160\" src=\"data:image\/svg+xml;charset=utf-8,%3Csvg xmlns%3D&#039;http%3A%2F%2Fwww.w3.org%2F2000%2Fsvg&#039; viewBox%3D&#039;0 0 3840 2160&#039;%2F%3E\" class=\"attachment-full size-full wp-image-9071 ld-lazyload\" alt=\"\" data-src=\"https:\/\/unigradnja.rs\/en\/wp-content\/uploads\/sites\/3\/2022\/12\/f2-2.jpg\" data-srcset=\"https:\/\/unigradnja.rs\/en\/wp-content\/uploads\/sites\/3\/2022\/12\/f2-2.jpg 3840w, https:\/\/unigradnja.rs\/en\/wp-content\/uploads\/sites\/3\/2022\/12\/f2-2-300x169.jpg 300w, https:\/\/unigradnja.rs\/en\/wp-content\/uploads\/sites\/3\/2022\/12\/f2-2-1024x576.jpg 1024w, https:\/\/unigradnja.rs\/en\/wp-content\/uploads\/sites\/3\/2022\/12\/f2-2-1536x864.jpg 1536w, https:\/\/unigradnja.rs\/en\/wp-content\/uploads\/sites\/3\/2022\/12\/f2-2-2048x1152.jpg 2048w\" data-sizes=\"(max-width: 3840px) 100vw, 3840px\" data-aspect=\"1.7777777777778\" \/>\t\t\t\t\t\t\t\t\t\t\t\t\t\t\t<\/div>\n\t\t\t\t<\/div>\n\t\t\t\t\t<\/div>\n\t\t\t\t<\/div>\n\t\t<div data-parallax=\"true\" data-parallax-options=\"{&quot;ease&quot;:[&quot;linear&quot;],&quot;start&quot;:&quot;top bottom&quot;,&quot;end&quot;:&quot;bottom+=0px top&quot;}\" data-parallax-from=\"{&quot;y&quot;:&quot;75px&quot;}\" data-parallax-to=\"{&quot;y&quot;:&quot;-25px&quot;}\" class=\"elementor-element elementor-element-dfb8e24 e-flex e-con-boxed e-con e-parent\" data-id=\"dfb8e24\" data-element_type=\"container\" data-settings=\"{&quot;content_width&quot;:&quot;boxed&quot;}\" data-core-v316-plus=\"true\">\n\t\t\t\t\t<div class=\"e-con-inner\">\n\t\t\t\t<div class=\"elementor-element elementor-element-78cc35b elementor-widget elementor-widget-image\" data-id=\"78cc35b\" data-element_type=\"widget\" data-widget_type=\"image.default\">\n\t\t\t\t<div class=\"elementor-widget-container\">\n\t\t\t\t\t\t\t\t\t\t\t\t\t\t\t<img decoding=\"async\" width=\"3840\" height=\"2160\" src=\"data:image\/svg+xml;charset=utf-8,%3Csvg xmlns%3D&#039;http%3A%2F%2Fwww.w3.org%2F2000%2Fsvg&#039; viewBox%3D&#039;0 0 3840 2160&#039;%2F%3E\" class=\"attachment-full size-full wp-image-9072 ld-lazyload\" alt=\"\" data-src=\"https:\/\/unigradnja.rs\/en\/wp-content\/uploads\/sites\/3\/2022\/12\/f3-3.jpg\" data-srcset=\"https:\/\/unigradnja.rs\/en\/wp-content\/uploads\/sites\/3\/2022\/12\/f3-3.jpg 3840w, https:\/\/unigradnja.rs\/en\/wp-content\/uploads\/sites\/3\/2022\/12\/f3-3-300x169.jpg 300w, https:\/\/unigradnja.rs\/en\/wp-content\/uploads\/sites\/3\/2022\/12\/f3-3-1024x576.jpg 1024w, https:\/\/unigradnja.rs\/en\/wp-content\/uploads\/sites\/3\/2022\/12\/f3-3-1536x864.jpg 1536w, https:\/\/unigradnja.rs\/en\/wp-content\/uploads\/sites\/3\/2022\/12\/f3-3-2048x1152.jpg 2048w\" data-sizes=\"(max-width: 3840px) 100vw, 3840px\" data-aspect=\"1.7777777777778\" \/>\t\t\t\t\t\t\t\t\t\t\t\t\t\t\t<\/div>\n\t\t\t\t<\/div>\n\t\t\t\t\t<\/div>\n\t\t\t\t<\/div>\n\t\t<div data-parallax=\"true\" data-parallax-options=\"{&quot;ease&quot;:[&quot;linear&quot;],&quot;start&quot;:&quot;top bottom&quot;,&quot;end&quot;:&quot;bottom+=0px top&quot;}\" data-parallax-from=\"{&quot;y&quot;:&quot;75px&quot;}\" data-parallax-to=\"{&quot;y&quot;:&quot;-25px&quot;}\" class=\"elementor-element elementor-element-2b53e0a e-flex e-con-boxed e-con e-parent\" data-id=\"2b53e0a\" data-element_type=\"container\" data-settings=\"{&quot;content_width&quot;:&quot;boxed&quot;}\" data-core-v316-plus=\"true\">\n\t\t\t\t\t<div class=\"e-con-inner\">\n\t\t\t\t<div class=\"elementor-element elementor-element-82d42bd elementor-widget elementor-widget-image\" data-id=\"82d42bd\" data-element_type=\"widget\" data-widget_type=\"image.default\">\n\t\t\t\t<div class=\"elementor-widget-container\">\n\t\t\t\t\t\t\t\t\t\t\t\t\t\t\t<img loading=\"lazy\" decoding=\"async\" width=\"3840\" height=\"2160\" src=\"data:image\/svg+xml;charset=utf-8,%3Csvg xmlns%3D&#039;http%3A%2F%2Fwww.w3.org%2F2000%2Fsvg&#039; viewBox%3D&#039;0 0 3840 2160&#039;%2F%3E\" class=\"attachment-full size-full wp-image-9073 ld-lazyload\" alt=\"\" data-src=\"https:\/\/unigradnja.rs\/en\/wp-content\/uploads\/sites\/3\/2022\/12\/f4-3.jpg\" data-srcset=\"https:\/\/unigradnja.rs\/en\/wp-content\/uploads\/sites\/3\/2022\/12\/f4-3.jpg 3840w, https:\/\/unigradnja.rs\/en\/wp-content\/uploads\/sites\/3\/2022\/12\/f4-3-300x169.jpg 300w, https:\/\/unigradnja.rs\/en\/wp-content\/uploads\/sites\/3\/2022\/12\/f4-3-1024x576.jpg 1024w, https:\/\/unigradnja.rs\/en\/wp-content\/uploads\/sites\/3\/2022\/12\/f4-3-1536x864.jpg 1536w, https:\/\/unigradnja.rs\/en\/wp-content\/uploads\/sites\/3\/2022\/12\/f4-3-2048x1152.jpg 2048w\" data-sizes=\"(max-width: 3840px) 100vw, 3840px\" data-aspect=\"1.7777777777778\" \/>\t\t\t\t\t\t\t\t\t\t\t\t\t\t\t<\/div>\n\t\t\t\t<\/div>\n\t\t\t\t\t<\/div>\n\t\t\t\t<\/div>\n\t\t<div data-parallax=\"true\" data-parallax-options=\"{&quot;ease&quot;:[&quot;linear&quot;],&quot;start&quot;:&quot;top bottom&quot;,&quot;end&quot;:&quot;bottom+=0px top&quot;}\" data-parallax-from=\"{&quot;y&quot;:&quot;75px&quot;}\" data-parallax-to=\"{&quot;y&quot;:&quot;-25px&quot;}\" class=\"elementor-element elementor-element-7f700be e-flex e-con-boxed e-con e-parent\" data-id=\"7f700be\" data-element_type=\"container\" data-settings=\"{&quot;content_width&quot;:&quot;boxed&quot;}\" data-core-v316-plus=\"true\">\n\t\t\t\t\t<div class=\"e-con-inner\">\n\t\t\t\t<div class=\"elementor-element elementor-element-f684732 elementor-widget elementor-widget-image\" data-id=\"f684732\" data-element_type=\"widget\" data-widget_type=\"image.default\">\n\t\t\t\t<div class=\"elementor-widget-container\">\n\t\t\t\t\t\t\t\t\t\t\t\t\t\t\t<img loading=\"lazy\" decoding=\"async\" width=\"3840\" height=\"2160\" src=\"data:image\/svg+xml;charset=utf-8,%3Csvg xmlns%3D&#039;http%3A%2F%2Fwww.w3.org%2F2000%2Fsvg&#039; viewBox%3D&#039;0 0 3840 2160&#039;%2F%3E\" class=\"attachment-full size-full wp-image-9074 ld-lazyload\" alt=\"\" data-src=\"https:\/\/unigradnja.rs\/en\/wp-content\/uploads\/sites\/3\/2022\/12\/f5-3.jpg\" data-srcset=\"https:\/\/unigradnja.rs\/en\/wp-content\/uploads\/sites\/3\/2022\/12\/f5-3.jpg 3840w, https:\/\/unigradnja.rs\/en\/wp-content\/uploads\/sites\/3\/2022\/12\/f5-3-300x169.jpg 300w, https:\/\/unigradnja.rs\/en\/wp-content\/uploads\/sites\/3\/2022\/12\/f5-3-1024x576.jpg 1024w, https:\/\/unigradnja.rs\/en\/wp-content\/uploads\/sites\/3\/2022\/12\/f5-3-1536x864.jpg 1536w, https:\/\/unigradnja.rs\/en\/wp-content\/uploads\/sites\/3\/2022\/12\/f5-3-2048x1152.jpg 2048w\" data-sizes=\"(max-width: 3840px) 100vw, 3840px\" data-aspect=\"1.7777777777778\" \/>\t\t\t\t\t\t\t\t\t\t\t\t\t\t\t<\/div>\n\t\t\t\t<\/div>\n\t\t\t\t\t<\/div>\n\t\t\t\t<\/div>\n\t\t<div data-parallax=\"true\" data-parallax-options=\"{&quot;ease&quot;:[&quot;linear&quot;],&quot;start&quot;:&quot;top bottom&quot;,&quot;end&quot;:&quot;bottom+=0px top&quot;}\" data-parallax-from=\"{&quot;y&quot;:&quot;75px&quot;}\" data-parallax-to=\"{&quot;y&quot;:&quot;-25px&quot;}\" class=\"elementor-element elementor-element-7ea9810 e-flex e-con-boxed e-con e-parent\" data-id=\"7ea9810\" data-element_type=\"container\" data-settings=\"{&quot;content_width&quot;:&quot;boxed&quot;}\" data-core-v316-plus=\"true\">\n\t\t\t\t\t<div class=\"e-con-inner\">\n\t\t\t\t<div class=\"elementor-element elementor-element-7f1d362 elementor-widget elementor-widget-image\" data-id=\"7f1d362\" data-element_type=\"widget\" data-widget_type=\"image.default\">\n\t\t\t\t<div class=\"elementor-widget-container\">\n\t\t\t\t\t\t\t\t\t\t\t\t\t\t\t<img loading=\"lazy\" decoding=\"async\" width=\"3840\" height=\"2160\" src=\"data:image\/svg+xml;charset=utf-8,%3Csvg xmlns%3D&#039;http%3A%2F%2Fwww.w3.org%2F2000%2Fsvg&#039; viewBox%3D&#039;0 0 3840 2160&#039;%2F%3E\" class=\"attachment-full size-full wp-image-9075 ld-lazyload\" alt=\"\" data-src=\"https:\/\/unigradnja.rs\/en\/wp-content\/uploads\/sites\/3\/2022\/12\/f6-3.jpg\" data-srcset=\"https:\/\/unigradnja.rs\/en\/wp-content\/uploads\/sites\/3\/2022\/12\/f6-3.jpg 3840w, https:\/\/unigradnja.rs\/en\/wp-content\/uploads\/sites\/3\/2022\/12\/f6-3-300x169.jpg 300w, https:\/\/unigradnja.rs\/en\/wp-content\/uploads\/sites\/3\/2022\/12\/f6-3-1024x576.jpg 1024w, https:\/\/unigradnja.rs\/en\/wp-content\/uploads\/sites\/3\/2022\/12\/f6-3-1536x864.jpg 1536w, https:\/\/unigradnja.rs\/en\/wp-content\/uploads\/sites\/3\/2022\/12\/f6-3-2048x1152.jpg 2048w\" data-sizes=\"(max-width: 3840px) 100vw, 3840px\" data-aspect=\"1.7777777777778\" \/>\t\t\t\t\t\t\t\t\t\t\t\t\t\t\t<\/div>\n\t\t\t\t<\/div>\n\t\t\t\t\t<\/div>\n\t\t\t\t<\/div>\n\t\t<div data-parallax=\"true\" data-parallax-options=\"{&quot;ease&quot;:[&quot;linear&quot;],&quot;start&quot;:&quot;top bottom&quot;,&quot;end&quot;:&quot;bottom+=0px top&quot;}\" data-parallax-from=\"{&quot;y&quot;:&quot;75px&quot;}\" data-parallax-to=\"{&quot;y&quot;:&quot;-25px&quot;}\" class=\"elementor-element elementor-element-f8a9d3d e-flex e-con-boxed e-con e-parent\" data-id=\"f8a9d3d\" data-element_type=\"container\" data-settings=\"{&quot;content_width&quot;:&quot;boxed&quot;}\" data-core-v316-plus=\"true\">\n\t\t\t\t\t<div class=\"e-con-inner\">\n\t\t\t\t<div class=\"elementor-element elementor-element-e5efeca elementor-widget elementor-widget-image\" data-id=\"e5efeca\" data-element_type=\"widget\" data-widget_type=\"image.default\">\n\t\t\t\t<div class=\"elementor-widget-container\">\n\t\t\t\t\t\t\t\t\t\t\t\t\t\t\t<img loading=\"lazy\" decoding=\"async\" width=\"3840\" height=\"2160\" src=\"data:image\/svg+xml;charset=utf-8,%3Csvg xmlns%3D&#039;http%3A%2F%2Fwww.w3.org%2F2000%2Fsvg&#039; viewBox%3D&#039;0 0 3840 2160&#039;%2F%3E\" class=\"attachment-full size-full wp-image-9076 ld-lazyload\" alt=\"\" data-src=\"https:\/\/unigradnja.rs\/en\/wp-content\/uploads\/sites\/3\/2022\/12\/f8-2.jpg\" data-srcset=\"https:\/\/unigradnja.rs\/en\/wp-content\/uploads\/sites\/3\/2022\/12\/f8-2.jpg 3840w, https:\/\/unigradnja.rs\/en\/wp-content\/uploads\/sites\/3\/2022\/12\/f8-2-300x169.jpg 300w, https:\/\/unigradnja.rs\/en\/wp-content\/uploads\/sites\/3\/2022\/12\/f8-2-1024x576.jpg 1024w, https:\/\/unigradnja.rs\/en\/wp-content\/uploads\/sites\/3\/2022\/12\/f8-2-1536x864.jpg 1536w, https:\/\/unigradnja.rs\/en\/wp-content\/uploads\/sites\/3\/2022\/12\/f8-2-2048x1152.jpg 2048w\" data-sizes=\"(max-width: 3840px) 100vw, 3840px\" data-aspect=\"1.7777777777778\" \/>\t\t\t\t\t\t\t\t\t\t\t\t\t\t\t<\/div>\n\t\t\t\t<\/div>\n\t\t\t\t\t<\/div>\n\t\t\t\t<\/div>\n\t\t\t\t\t\t\t<\/div>\n\t\t","protected":false},"excerpt":{"rendered":"<p>Tonn Residence Kategorija Stambeni ojekat Lokacija Novi sad Povr\u0161ina 353m2 Koncept Ova mala stambena zgrada nalazi se u Novom Sadu u predgra\u0111u srednje gustine Objekat je spratnosti P+1+Pk \u00a0i sa ukupno 6 stambenih jedinica. Sama konstrukcija je izvedena po sistemu monolitnog AB sa me\u0111uspratnom plo\u010dom od lakomonta\u017ene konstrukcije maksimalnih raspona 5,5m. U zadnjem delu objekta [&hellip;]<\/p>\n","protected":false},"author":1,"featured_media":0,"parent":7826,"menu_order":0,"comment_status":"closed","ping_status":"closed","template":"","meta":{"footnotes":""},"class_list":["post-8785","page","type-page","status-publish","hentry"],"_links":{"self":[{"href":"https:\/\/unigradnja.rs\/en\/wp-json\/wp\/v2\/pages\/8785","targetHints":{"allow":["GET"]}}],"collection":[{"href":"https:\/\/unigradnja.rs\/en\/wp-json\/wp\/v2\/pages"}],"about":[{"href":"https:\/\/unigradnja.rs\/en\/wp-json\/wp\/v2\/types\/page"}],"author":[{"embeddable":true,"href":"https:\/\/unigradnja.rs\/en\/wp-json\/wp\/v2\/users\/1"}],"replies":[{"embeddable":true,"href":"https:\/\/unigradnja.rs\/en\/wp-json\/wp\/v2\/comments?post=8785"}],"version-history":[{"count":4,"href":"https:\/\/unigradnja.rs\/en\/wp-json\/wp\/v2\/pages\/8785\/revisions"}],"predecessor-version":[{"id":9080,"href":"https:\/\/unigradnja.rs\/en\/wp-json\/wp\/v2\/pages\/8785\/revisions\/9080"}],"up":[{"embeddable":true,"href":"https:\/\/unigradnja.rs\/en\/wp-json\/wp\/v2\/pages\/7826"}],"wp:attachment":[{"href":"https:\/\/unigradnja.rs\/en\/wp-json\/wp\/v2\/media?parent=8785"}],"curies":[{"name":"wp","href":"https:\/\/api.w.org\/{rel}","templated":true}]}}