{"id":8697,"date":"2022-11-29T14:51:05","date_gmt":"2022-11-29T14:51:05","guid":{"rendered":"https:\/\/unigradnja.rs\/en\/?page_id=8697"},"modified":"2022-12-21T07:54:50","modified_gmt":"2022-12-21T07:54:50","slug":"lixifront-30","status":"publish","type":"page","link":"https:\/\/unigradnja.rs\/en\/projects\/lixifront-30\/","title":{"rendered":"Lixifront 30"},"content":{"rendered":"\t\t<div data-elementor-type=\"wp-post\" data-elementor-id=\"8697\" class=\"elementor elementor-8697\">\n\t\t\t\t\t\t\t<div data-section-luminosity=\"dark\" class=\"elementor-element elementor-element-17172df e-con-full project- e-flex e-con e-parent\" data-id=\"17172df\" data-element_type=\"container\" data-settings=\"{&quot;content_width&quot;:&quot;full&quot;,&quot;background_background&quot;:&quot;classic&quot;}\" data-core-v316-plus=\"true\">\n\t\t\t\t<div data-custom-animations=\"true\" data-ca-options=\"{&quot;addChildTimelines&quot;:false,&quot;animationTarget&quot;:&quot;:scope &gt; .elementor-widget-container&quot;,&quot;ease&quot;:&quot;power4.inOut&quot;,&quot;initValues&quot;:{&quot;opacity&quot;:0,&quot;x&quot;:150},&quot;animations&quot;:{&quot;opacity&quot;:1,&quot;x&quot;:0}}\" class=\"elementor-element elementor-element-318fdc8 elementor-widget elementor-widget-hub_fancy_heading\" data-id=\"318fdc8\" data-element_type=\"widget\" data-widget_type=\"hub_fancy_heading.default\">\n\t\t\t\t<div class=\"elementor-widget-container\">\n\t\t\t\n\t\t<div id=\"ld-fancy-heading-69d269676ea3d\" class=\"ld-fancy-heading pos-rel\">\n\t\t\t<h1 class=\"ld-fh-element d-inline-block pos-rel  elementor-heading-title lqd-highlight-custom lqd-highlight-custom-4 h1\"  > Lixifront 30<\/h1>\t\t<\/div>\n\n\t\t\t\t<\/div>\n\t\t\t\t<\/div>\n\t\t\t\t<div class=\"elementor-element elementor-element-438f543 elementor-widget elementor-widget-html\" data-id=\"438f543\" data-element_type=\"widget\" data-widget_type=\"html.default\">\n\t\t\t\t<div class=\"elementor-widget-container\">\n\t\t\t<div class=\"cat-whole-wrapper single\">\r\n    <div class=\"cat-wrap\">\r\n        <div class=\"cat-name\">\r\n            Kategorija\r\n        <\/div>\r\n        <div class=\"cat-desc\">\r\n            Stambeni objekat\r\n        <\/div>\r\n    <\/div>\r\n    <div class=\"cat-wrap\">\r\n        <div class=\"cat-name\">\r\n            Lokacija\r\n        <\/div>\r\n        <div class=\"cat-desc\">\r\n            Beograd\r\n        <\/div>\r\n    <\/div>\r\n    <div class=\"cat-wrap\">\r\n        <div class=\"cat-name\">\r\n            Povr\u0161ina\r\n        <\/div>\r\n        <div class=\"cat-desc\">\r\n            1416m2\r\n        <\/div>\r\n    <\/div>\r\n<\/div>\t\t<\/div>\n\t\t\t\t<\/div>\n\t\t\t\t<\/div>\n\t\t<div class=\"elementor-element elementor-element-30d66be e-flex e-con-boxed e-con e-parent\" data-id=\"30d66be\" data-element_type=\"container\" data-settings=\"{&quot;content_width&quot;:&quot;boxed&quot;}\" data-core-v316-plus=\"true\">\n\t\t\t\t\t<div class=\"e-con-inner\">\n\t\t<div class=\"elementor-element elementor-element-9d4b01f e-con-full e-flex e-con e-parent\" data-id=\"9d4b01f\" data-element_type=\"container\" data-settings=\"{&quot;content_width&quot;:&quot;full&quot;}\" data-core-v316-plus=\"true\">\n\t\t\t\t<div data-parallax=\"true\" data-parallax-options=\"{&quot;ease&quot;:[&quot;linear&quot;],&quot;start&quot;:&quot;top bottom&quot;,&quot;end&quot;:&quot;bottom+=0px top&quot;}\" data-parallax-from=\"{&quot;y&quot;:&quot;-54px&quot;}\" data-parallax-to=\"{&quot;y&quot;:&quot;48px&quot;}\" class=\"elementor-element elementor-element-dff1b72 elementor-absolute elementor-widget elementor-widget-hub_fancy_heading\" data-id=\"dff1b72\" data-element_type=\"widget\" data-settings=\"{&quot;_position&quot;:&quot;absolute&quot;}\" data-widget_type=\"hub_fancy_heading.default\">\n\t\t\t\t<div class=\"elementor-widget-container\">\n\t\t\t\n\t\t<div id=\"ld-fancy-heading-69d26967711af\" class=\"ld-fancy-heading pos-rel\">\n\t\t\t<h2 class=\"ld-fh-element d-inline-block pos-rel  elementor-heading-title lqd-highlight-classic lqd-highlight-grow-left text-vertical h2\"  > Koncept<\/h2>\t\t<\/div>\n\n\t\t\t\t<\/div>\n\t\t\t\t<\/div>\n\t\t\t\t<\/div>\n\t\t<div data-parallax=\"true\" data-parallax-options=\"{&quot;ease&quot;:[&quot;linear&quot;],&quot;start&quot;:&quot;top bottom&quot;,&quot;end&quot;:&quot;bottom+=0px top&quot;}\" data-parallax-from=\"{&quot;y&quot;:&quot;150px&quot;}\" data-parallax-to=\"{&quot;y&quot;:&quot;0px&quot;}\" class=\"elementor-element elementor-element-a67ca81 e-con-full e-flex e-con e-parent\" data-id=\"a67ca81\" data-element_type=\"container\" data-settings=\"{&quot;content_width&quot;:&quot;full&quot;}\" data-core-v316-plus=\"true\">\n\t\t\t\t<div class=\"elementor-element elementor-element-2df2490 opis elementor-widget elementor-widget-text-editor\" data-id=\"2df2490\" data-element_type=\"widget\" data-widget_type=\"text-editor.default\">\n\t\t\t\t<div class=\"elementor-widget-container\">\n\t\t\t<style>\/*! elementor - v3.18.0 - 20-12-2023 *\/\n.elementor-widget-text-editor.elementor-drop-cap-view-stacked .elementor-drop-cap{background-color:#69727d;color:#fff}.elementor-widget-text-editor.elementor-drop-cap-view-framed .elementor-drop-cap{color:#69727d;border:3px solid;background-color:transparent}.elementor-widget-text-editor:not(.elementor-drop-cap-view-default) .elementor-drop-cap{margin-top:8px}.elementor-widget-text-editor:not(.elementor-drop-cap-view-default) .elementor-drop-cap-letter{width:1em;height:1em}.elementor-widget-text-editor .elementor-drop-cap{float:left;text-align:center;line-height:1;font-size:50px}.elementor-widget-text-editor .elementor-drop-cap-letter{display:inline-block}<\/style>\t\t\t\t<p>Stambena zgrada u Beogradu koja sadr\u017ei 30 stambenih jedinica ,arhitektonskim projektom je formirana u obliku slova \u201c\u0413\u201d . U samom jezgru se nalaze zelene povr\u0161ine kojima mogu da pristupe samo stanari zgrade.<\/p><p>Funkcionalno je organizovan na tri eta\u017ee, a na svakoj eta\u017ei sme\u0161teno 10 stambenih jedinica.<\/p><p>Arhitektonsko oblikovanje prati modernu formu dvovodnog kosog krova bez streha, pravih linija\u00a0 u savremenom dizajnu prikazanom kroz obradu fasade i odabirom zavr\u0161nih materijala.<\/p>\t\t\t\t\t\t<\/div>\n\t\t\t\t<\/div>\n\t\t\t\t<\/div>\n\t\t\t\t\t<\/div>\n\t\t\t\t<\/div>\n\t\t<div data-parallax=\"true\" data-parallax-options=\"{&quot;ease&quot;:[&quot;linear&quot;],&quot;start&quot;:&quot;top bottom&quot;,&quot;end&quot;:&quot;bottom+=0px top&quot;}\" data-parallax-from=\"{&quot;y&quot;:&quot;75px&quot;}\" data-parallax-to=\"{&quot;y&quot;:&quot;-25px&quot;}\" class=\"elementor-element elementor-element-cee67d2 e-flex e-con-boxed e-con e-parent\" data-id=\"cee67d2\" data-element_type=\"container\" data-settings=\"{&quot;content_width&quot;:&quot;boxed&quot;}\" data-core-v316-plus=\"true\">\n\t\t\t\t\t<div class=\"e-con-inner\">\n\t\t\t\t<div class=\"elementor-element elementor-element-696b786 elementor-widget elementor-widget-image\" data-id=\"696b786\" data-element_type=\"widget\" data-widget_type=\"image.default\">\n\t\t\t\t<div class=\"elementor-widget-container\">\n\t\t\t<style>\/*! elementor - v3.18.0 - 20-12-2023 *\/\n.elementor-widget-image{text-align:center}.elementor-widget-image a{display:inline-block}.elementor-widget-image a img[src$=\".svg\"]{width:48px}.elementor-widget-image img{vertical-align:middle;display:inline-block}<\/style>\t\t\t\t\t\t\t\t\t\t\t\t<img fetchpriority=\"high\" decoding=\"async\" width=\"7680\" height=\"4320\" src=\"https:\/\/unigradnja.rs\/en\/wp-content\/uploads\/sites\/3\/2022\/12\/f1-2.jpg\" class=\"attachment-full size-full wp-image-9057\" alt=\"\" srcset=\"https:\/\/unigradnja.rs\/en\/wp-content\/uploads\/sites\/3\/2022\/12\/f1-2.jpg 7680w, https:\/\/unigradnja.rs\/en\/wp-content\/uploads\/sites\/3\/2022\/12\/f1-2-300x169.jpg 300w, https:\/\/unigradnja.rs\/en\/wp-content\/uploads\/sites\/3\/2022\/12\/f1-2-1024x576.jpg 1024w, https:\/\/unigradnja.rs\/en\/wp-content\/uploads\/sites\/3\/2022\/12\/f1-2-1536x864.jpg 1536w, https:\/\/unigradnja.rs\/en\/wp-content\/uploads\/sites\/3\/2022\/12\/f1-2-2048x1152.jpg 2048w\" sizes=\"(max-width: 7680px) 100vw, 7680px\" \/>\t\t\t\t\t\t\t\t\t\t\t\t\t\t\t<\/div>\n\t\t\t\t<\/div>\n\t\t\t\t\t<\/div>\n\t\t\t\t<\/div>\n\t\t<div data-parallax=\"true\" data-parallax-options=\"{&quot;ease&quot;:[&quot;linear&quot;],&quot;start&quot;:&quot;top bottom&quot;,&quot;end&quot;:&quot;bottom+=0px top&quot;}\" data-parallax-from=\"{&quot;y&quot;:&quot;75px&quot;}\" data-parallax-to=\"{&quot;y&quot;:&quot;-25px&quot;}\" class=\"elementor-element elementor-element-5944858 e-flex e-con-boxed e-con e-parent\" data-id=\"5944858\" data-element_type=\"container\" data-settings=\"{&quot;content_width&quot;:&quot;boxed&quot;}\" data-core-v316-plus=\"true\">\n\t\t\t\t\t<div class=\"e-con-inner\">\n\t\t\t\t<div class=\"elementor-element elementor-element-f3bf048 elementor-widget elementor-widget-image\" data-id=\"f3bf048\" data-element_type=\"widget\" data-widget_type=\"image.default\">\n\t\t\t\t<div class=\"elementor-widget-container\">\n\t\t\t\t\t\t\t\t\t\t\t\t\t\t\t<img decoding=\"async\" width=\"7680\" height=\"4320\" src=\"data:image\/svg+xml;charset=utf-8,%3Csvg xmlns%3D&#039;http%3A%2F%2Fwww.w3.org%2F2000%2Fsvg&#039; viewBox%3D&#039;0 0 7680 4320&#039;%2F%3E\" class=\"attachment-full size-full wp-image-9058 ld-lazyload\" alt=\"\" data-src=\"https:\/\/unigradnja.rs\/en\/wp-content\/uploads\/sites\/3\/2022\/12\/f3-2.jpg\" data-srcset=\"https:\/\/unigradnja.rs\/en\/wp-content\/uploads\/sites\/3\/2022\/12\/f3-2.jpg 7680w, https:\/\/unigradnja.rs\/en\/wp-content\/uploads\/sites\/3\/2022\/12\/f3-2-300x169.jpg 300w, https:\/\/unigradnja.rs\/en\/wp-content\/uploads\/sites\/3\/2022\/12\/f3-2-1024x576.jpg 1024w, https:\/\/unigradnja.rs\/en\/wp-content\/uploads\/sites\/3\/2022\/12\/f3-2-1536x864.jpg 1536w, https:\/\/unigradnja.rs\/en\/wp-content\/uploads\/sites\/3\/2022\/12\/f3-2-2048x1152.jpg 2048w\" data-sizes=\"(max-width: 7680px) 100vw, 7680px\" data-aspect=\"1.7777777777778\" \/>\t\t\t\t\t\t\t\t\t\t\t\t\t\t\t<\/div>\n\t\t\t\t<\/div>\n\t\t\t\t\t<\/div>\n\t\t\t\t<\/div>\n\t\t<div data-parallax=\"true\" data-parallax-options=\"{&quot;ease&quot;:[&quot;linear&quot;],&quot;start&quot;:&quot;top bottom&quot;,&quot;end&quot;:&quot;bottom+=0px top&quot;}\" data-parallax-from=\"{&quot;y&quot;:&quot;75px&quot;}\" data-parallax-to=\"{&quot;y&quot;:&quot;-25px&quot;}\" class=\"elementor-element elementor-element-a623a76 e-flex e-con-boxed e-con e-parent\" data-id=\"a623a76\" data-element_type=\"container\" data-settings=\"{&quot;content_width&quot;:&quot;boxed&quot;}\" data-core-v316-plus=\"true\">\n\t\t\t\t\t<div class=\"e-con-inner\">\n\t\t\t\t<div class=\"elementor-element elementor-element-f00c632 elementor-widget elementor-widget-image\" data-id=\"f00c632\" data-element_type=\"widget\" data-widget_type=\"image.default\">\n\t\t\t\t<div class=\"elementor-widget-container\">\n\t\t\t\t\t\t\t\t\t\t\t\t\t\t\t<img decoding=\"async\" width=\"7680\" height=\"4320\" src=\"data:image\/svg+xml;charset=utf-8,%3Csvg xmlns%3D&#039;http%3A%2F%2Fwww.w3.org%2F2000%2Fsvg&#039; viewBox%3D&#039;0 0 7680 4320&#039;%2F%3E\" class=\"attachment-full size-full wp-image-9059 ld-lazyload\" alt=\"\" data-src=\"https:\/\/unigradnja.rs\/en\/wp-content\/uploads\/sites\/3\/2022\/12\/f4-2.jpg\" data-srcset=\"https:\/\/unigradnja.rs\/en\/wp-content\/uploads\/sites\/3\/2022\/12\/f4-2.jpg 7680w, https:\/\/unigradnja.rs\/en\/wp-content\/uploads\/sites\/3\/2022\/12\/f4-2-300x169.jpg 300w, https:\/\/unigradnja.rs\/en\/wp-content\/uploads\/sites\/3\/2022\/12\/f4-2-1024x576.jpg 1024w, https:\/\/unigradnja.rs\/en\/wp-content\/uploads\/sites\/3\/2022\/12\/f4-2-1536x864.jpg 1536w, https:\/\/unigradnja.rs\/en\/wp-content\/uploads\/sites\/3\/2022\/12\/f4-2-2048x1152.jpg 2048w\" data-sizes=\"(max-width: 7680px) 100vw, 7680px\" data-aspect=\"1.7777777777778\" \/>\t\t\t\t\t\t\t\t\t\t\t\t\t\t\t<\/div>\n\t\t\t\t<\/div>\n\t\t\t\t\t<\/div>\n\t\t\t\t<\/div>\n\t\t<div data-parallax=\"true\" data-parallax-options=\"{&quot;ease&quot;:[&quot;linear&quot;],&quot;start&quot;:&quot;top bottom&quot;,&quot;end&quot;:&quot;bottom+=0px top&quot;}\" data-parallax-from=\"{&quot;y&quot;:&quot;75px&quot;}\" data-parallax-to=\"{&quot;y&quot;:&quot;-25px&quot;}\" class=\"elementor-element elementor-element-f546131 e-flex e-con-boxed e-con e-parent\" data-id=\"f546131\" data-element_type=\"container\" data-settings=\"{&quot;content_width&quot;:&quot;boxed&quot;}\" data-core-v316-plus=\"true\">\n\t\t\t\t\t<div class=\"e-con-inner\">\n\t\t\t\t<div class=\"elementor-element elementor-element-ed8853a elementor-widget elementor-widget-image\" data-id=\"ed8853a\" data-element_type=\"widget\" data-widget_type=\"image.default\">\n\t\t\t\t<div class=\"elementor-widget-container\">\n\t\t\t\t\t\t\t\t\t\t\t\t\t\t\t<img loading=\"lazy\" decoding=\"async\" width=\"7680\" height=\"4320\" src=\"data:image\/svg+xml;charset=utf-8,%3Csvg xmlns%3D&#039;http%3A%2F%2Fwww.w3.org%2F2000%2Fsvg&#039; viewBox%3D&#039;0 0 7680 4320&#039;%2F%3E\" class=\"attachment-full size-full wp-image-9060 ld-lazyload\" alt=\"\" data-src=\"https:\/\/unigradnja.rs\/en\/wp-content\/uploads\/sites\/3\/2022\/12\/f5-2.jpg\" data-srcset=\"https:\/\/unigradnja.rs\/en\/wp-content\/uploads\/sites\/3\/2022\/12\/f5-2.jpg 7680w, https:\/\/unigradnja.rs\/en\/wp-content\/uploads\/sites\/3\/2022\/12\/f5-2-300x169.jpg 300w, https:\/\/unigradnja.rs\/en\/wp-content\/uploads\/sites\/3\/2022\/12\/f5-2-1024x576.jpg 1024w, https:\/\/unigradnja.rs\/en\/wp-content\/uploads\/sites\/3\/2022\/12\/f5-2-1536x864.jpg 1536w, https:\/\/unigradnja.rs\/en\/wp-content\/uploads\/sites\/3\/2022\/12\/f5-2-2048x1152.jpg 2048w\" data-sizes=\"(max-width: 7680px) 100vw, 7680px\" data-aspect=\"1.7777777777778\" \/>\t\t\t\t\t\t\t\t\t\t\t\t\t\t\t<\/div>\n\t\t\t\t<\/div>\n\t\t\t\t\t<\/div>\n\t\t\t\t<\/div>\n\t\t<div data-parallax=\"true\" data-parallax-options=\"{&quot;ease&quot;:[&quot;linear&quot;],&quot;start&quot;:&quot;top bottom&quot;,&quot;end&quot;:&quot;bottom+=0px top&quot;}\" data-parallax-from=\"{&quot;y&quot;:&quot;75px&quot;}\" data-parallax-to=\"{&quot;y&quot;:&quot;-25px&quot;}\" class=\"elementor-element elementor-element-dfb8e24 e-flex e-con-boxed e-con e-parent\" data-id=\"dfb8e24\" data-element_type=\"container\" data-settings=\"{&quot;content_width&quot;:&quot;boxed&quot;}\" data-core-v316-plus=\"true\">\n\t\t\t\t\t<div class=\"e-con-inner\">\n\t\t\t\t<div class=\"elementor-element elementor-element-78cc35b elementor-widget elementor-widget-image\" data-id=\"78cc35b\" data-element_type=\"widget\" data-widget_type=\"image.default\">\n\t\t\t\t<div class=\"elementor-widget-container\">\n\t\t\t\t\t\t\t\t\t\t\t\t\t\t\t<img loading=\"lazy\" decoding=\"async\" width=\"7680\" height=\"4320\" src=\"data:image\/svg+xml;charset=utf-8,%3Csvg xmlns%3D&#039;http%3A%2F%2Fwww.w3.org%2F2000%2Fsvg&#039; viewBox%3D&#039;0 0 7680 4320&#039;%2F%3E\" class=\"attachment-full size-full wp-image-9061 ld-lazyload\" alt=\"\" data-src=\"https:\/\/unigradnja.rs\/en\/wp-content\/uploads\/sites\/3\/2022\/12\/f6-2.jpg\" data-srcset=\"https:\/\/unigradnja.rs\/en\/wp-content\/uploads\/sites\/3\/2022\/12\/f6-2.jpg 7680w, https:\/\/unigradnja.rs\/en\/wp-content\/uploads\/sites\/3\/2022\/12\/f6-2-300x169.jpg 300w, https:\/\/unigradnja.rs\/en\/wp-content\/uploads\/sites\/3\/2022\/12\/f6-2-1024x576.jpg 1024w, https:\/\/unigradnja.rs\/en\/wp-content\/uploads\/sites\/3\/2022\/12\/f6-2-1536x864.jpg 1536w, https:\/\/unigradnja.rs\/en\/wp-content\/uploads\/sites\/3\/2022\/12\/f6-2-2048x1152.jpg 2048w\" data-sizes=\"(max-width: 7680px) 100vw, 7680px\" data-aspect=\"1.7777777777778\" \/>\t\t\t\t\t\t\t\t\t\t\t\t\t\t\t<\/div>\n\t\t\t\t<\/div>\n\t\t\t\t\t<\/div>\n\t\t\t\t<\/div>\n\t\t\t\t\t\t\t<\/div>\n\t\t","protected":false},"excerpt":{"rendered":"<p>Lixifront 30 Kategorija Stambeni objekat Lokacija Beograd Povr\u0161ina 1416m2 Koncept Stambena zgrada u Beogradu koja sadr\u017ei 30 stambenih jedinica ,arhitektonskim projektom je formirana u obliku slova \u201c\u0413\u201d . U samom jezgru se nalaze zelene povr\u0161ine kojima mogu da pristupe samo stanari zgrade. Funkcionalno je organizovan na tri eta\u017ee, a na svakoj eta\u017ei sme\u0161teno 10 stambenih [&hellip;]<\/p>\n","protected":false},"author":1,"featured_media":0,"parent":7826,"menu_order":0,"comment_status":"closed","ping_status":"closed","template":"","meta":{"footnotes":""},"class_list":["post-8697","page","type-page","status-publish","hentry"],"_links":{"self":[{"href":"https:\/\/unigradnja.rs\/en\/wp-json\/wp\/v2\/pages\/8697","targetHints":{"allow":["GET"]}}],"collection":[{"href":"https:\/\/unigradnja.rs\/en\/wp-json\/wp\/v2\/pages"}],"about":[{"href":"https:\/\/unigradnja.rs\/en\/wp-json\/wp\/v2\/types\/page"}],"author":[{"embeddable":true,"href":"https:\/\/unigradnja.rs\/en\/wp-json\/wp\/v2\/users\/1"}],"replies":[{"embeddable":true,"href":"https:\/\/unigradnja.rs\/en\/wp-json\/wp\/v2\/comments?post=8697"}],"version-history":[{"count":4,"href":"https:\/\/unigradnja.rs\/en\/wp-json\/wp\/v2\/pages\/8697\/revisions"}],"predecessor-version":[{"id":9064,"href":"https:\/\/unigradnja.rs\/en\/wp-json\/wp\/v2\/pages\/8697\/revisions\/9064"}],"up":[{"embeddable":true,"href":"https:\/\/unigradnja.rs\/en\/wp-json\/wp\/v2\/pages\/7826"}],"wp:attachment":[{"href":"https:\/\/unigradnja.rs\/en\/wp-json\/wp\/v2\/media?parent=8697"}],"curies":[{"name":"wp","href":"https:\/\/api.w.org\/{rel}","templated":true}]}}